{"id":61662,"date":"2021-10-22T06:58:16","date_gmt":"2021-10-22T10:58:16","guid":{"rendered":"https:\/\/dataladder.com\/centro-de-calidad-de-datos-recursos-de-escalera-de-datos\/hojas-de-datos\/"},"modified":"2022-05-31T11:48:12","modified_gmt":"2022-05-31T11:48:12","slug":"hojas-de-datos","status":"publish","type":"page","link":"https:\/\/dataladder.com\/es\/centro-de-calidad-de-datos-recursos-de-escalera-de-datos\/hojas-de-datos\/","title":{"rendered":"Hojas de datos"},"content":{"rendered":"\t\t<div data-elementor-type=\"wp-page\" data-elementor-id=\"61662\" class=\"elementor elementor-61662 elementor-41079\" data-elementor-post-type=\"page\">\n\t\t\t\t\t\t\t\t\t<section class=\"elementor-section elementor-top-section elementor-element elementor-element-edd7ed9 elementor-section-height-min-height elementor-section-content-middle elementor-section-boxed elementor-section-height-default elementor-section-items-middle\" data-id=\"edd7ed9\" data-element_type=\"section\" data-settings=\"{&quot;background_background&quot;:&quot;classic&quot;}\">\n\t\t\t\t\t\t\t<div class=\"elementor-background-overlay\"><\/div>\n\t\t\t\t\t\t\t<div class=\"elementor-container elementor-column-gap-default\">\n\t\t\t\t\t<div class=\"elementor-column elementor-col-100 elementor-top-column elementor-element elementor-element-125c7bf\" data-id=\"125c7bf\" data-element_type=\"column\">\n\t\t\t<div class=\"elementor-widget-wrap elementor-element-populated\">\n\t\t\t\t\t\t\t\t<div class=\"elementor-element elementor-element-f21e5e1 elementor-invisible elementor-widget elementor-widget-heading\" data-id=\"f21e5e1\" data-element_type=\"widget\" data-settings=\"{&quot;_animation&quot;:&quot;fadeInDown&quot;}\" data-widget_type=\"heading.default\">\n\t\t\t\t<div class=\"elementor-widget-container\">\n\t\t\t<style>\/*! elementor - v3.14.0 - 26-06-2023 *\/\n.elementor-heading-title{padding:0;margin:0;line-height:1}.elementor-widget-heading .elementor-heading-title[class*=elementor-size-]>a{color:inherit;font-size:inherit;line-height:inherit}.elementor-widget-heading .elementor-heading-title.elementor-size-small{font-size:15px}.elementor-widget-heading .elementor-heading-title.elementor-size-medium{font-size:19px}.elementor-widget-heading .elementor-heading-title.elementor-size-large{font-size:29px}.elementor-widget-heading .elementor-heading-title.elementor-size-xl{font-size:39px}.elementor-widget-heading .elementor-heading-title.elementor-size-xxl{font-size:59px}<\/style><h2 class=\"elementor-heading-title elementor-size-default\">Recursos<\/h2>\t\t<\/div>\n\t\t\t\t<\/div>\n\t\t\t\t<div class=\"elementor-element elementor-element-7482732 elementor-invisible elementor-widget elementor-widget-heading\" data-id=\"7482732\" data-element_type=\"widget\" data-settings=\"{&quot;_animation&quot;:&quot;fadeInUp&quot;}\" data-widget_type=\"heading.default\">\n\t\t\t\t<div class=\"elementor-widget-container\">\n\t\t\t<h1 class=\"elementor-heading-title elementor-size-default\">Hojas de datos<\/h1>\t\t<\/div>\n\t\t\t\t<\/div>\n\t\t\t\t<div class=\"elementor-element elementor-element-f0abaa6 elementor-widget elementor-widget-shortcode\" data-id=\"f0abaa6\" data-element_type=\"widget\" data-widget_type=\"shortcode.default\">\n\t\t\t\t<div class=\"elementor-widget-container\">\n\t\t\t\t\t<div class=\"elementor-shortcode\"><form data-min-no-for-search=1 data-result-box-max-height=400 data-form-id=66253 class=\"is-search-form is-form-style is-form-style-3 is-form-id-66253 is-ajax-search\" action=\"https:\/\/dataladder.com\/es\/\" method=\"get\" role=\"search\" ><label for=\"is-search-input-66253\"><span class=\"is-screen-reader-text\">Search for:<\/span><input  type=\"search\" id=\"is-search-input-66253\" name=\"s\" value=\"\" class=\"is-search-input\" placeholder=\"Search here...\" autocomplete=off \/><span class=\"is-loader-image\" style=\"display: none;background-image:url(https:\/\/dataladder.com\/wp-content\/plugins\/add-search-to-menu\/public\/images\/spinner.gif);\" ><\/span><\/label><button type=\"submit\" class=\"is-search-submit\"><span class=\"is-screen-reader-text\">Search Button<\/span><span class=\"is-search-icon\"><svg focusable=\"false\" aria-label=\"Search\" xmlns=\"http:\/\/www.w3.org\/2000\/svg\" viewBox=\"0 0 24 24\" width=\"24px\"><path d=\"M15.5 14h-.79l-.28-.27C15.41 12.59 16 11.11 16 9.5 16 5.91 13.09 3 9.5 3S3 5.91 3 9.5 5.91 16 9.5 16c1.61 0 3.09-.59 4.23-1.57l.27.28v.79l5 4.99L20.49 19l-4.99-5zm-6 0C7.01 14 5 11.99 5 9.5S7.01 5 9.5 5 14 7.01 14 9.5 11.99 14 9.5 14z\"><\/path><\/svg><\/span><\/button><input type=\"hidden\" name=\"id\" value=\"66253\" \/><input type=\"hidden\" name=\"post_type\" value=\"datasheets\" \/><\/form><\/div>\n\t\t\t\t<\/div>\n\t\t\t\t<\/div>\n\t\t\t\t\t<\/div>\n\t\t<\/div>\n\t\t\t\t\t\t\t<\/div>\n\t\t<\/section>\n\t\t\t\t<section class=\"elementor-section elementor-top-section elementor-element elementor-element-07e7d5f elementor-section-boxed elementor-section-height-default elementor-section-height-default\" data-id=\"07e7d5f\" data-element_type=\"section\">\n\t\t\t\t\t\t<div class=\"elementor-container elementor-column-gap-default\">\n\t\t\t\t\t<div class=\"elementor-column elementor-col-100 elementor-top-column elementor-element elementor-element-5d21223\" data-id=\"5d21223\" data-element_type=\"column\">\n\t\t\t<div class=\"elementor-widget-wrap elementor-element-populated\">\n\t\t\t\t\t\t\t\t<div class=\"elementor-element elementor-element-a9728e2 elementor-grid-3 elementor-grid-tablet-2 elementor-grid-mobile-1 elementor-posts--thumbnail-top elementor-widget elementor-widget-posts\" data-id=\"a9728e2\" data-element_type=\"widget\" data-settings=\"{&quot;classic_row_gap&quot;:{&quot;unit&quot;:&quot;px&quot;,&quot;size&quot;:25,&quot;sizes&quot;:[]},&quot;pagination_type&quot;:&quot;numbers&quot;,&quot;classic_columns&quot;:&quot;3&quot;,&quot;classic_columns_tablet&quot;:&quot;2&quot;,&quot;classic_columns_mobile&quot;:&quot;1&quot;,&quot;classic_row_gap_tablet&quot;:{&quot;unit&quot;:&quot;px&quot;,&quot;size&quot;:&quot;&quot;,&quot;sizes&quot;:[]},&quot;classic_row_gap_mobile&quot;:{&quot;unit&quot;:&quot;px&quot;,&quot;size&quot;:&quot;&quot;,&quot;sizes&quot;:[]}}\" data-widget_type=\"posts.classic\">\n\t\t\t\t<div class=\"elementor-widget-container\">\n\t\t\t<link rel=\"stylesheet\" href=\"https:\/\/dataladder.com\/wp-content\/plugins\/elementor-pro\/assets\/css\/widget-posts.min.css\">\t\t<div class=\"elementor-posts-container elementor-posts elementor-posts--skin-classic elementor-grid\">\n\t\t\t\t<article class=\"elementor-post elementor-grid-item post-66136 datasheets type-datasheets status-publish has-post-thumbnail hentry category-api\">\n\t\t\t\t<a class=\"elementor-post__thumbnail__link\" href=\"https:\/\/dataladder.com\/es\/datasheets\/preparacion-del-servidor-para-la-api-data-ladder\/\" target=&quot;_blank&quot;>\n\t\t\t<div class=\"elementor-post__thumbnail\"><img width=\"229\" height=\"300\" src=\"https:\/\/dataladder.com\/wp-content\/uploads\/2021\/11\/book-3-229x300.png\" class=\"attachment-medium size-medium wp-image-60489\" alt=\"\" srcset=\"https:\/\/dataladder.com\/wp-content\/uploads\/2021\/11\/book-3-229x300.png 229w, https:\/\/dataladder.com\/wp-content\/uploads\/2021\/11\/book-3.png 680w\" sizes=\"(max-width: 229px) 100vw, 229px\" \/><\/div>\n\t\t<\/a>\n\t\t\t\t<div class=\"elementor-post__text\">\n\t\t\t\t<h3 class=\"elementor-post__title\">\n\t\t\t<a href=\"https:\/\/dataladder.com\/es\/datasheets\/preparacion-del-servidor-para-la-api-data-ladder\/\" target=&quot;_blank&quot;>\n\t\t\t\tPreparaci\u00f3n del servidor para la API Data Ladder\t\t\t<\/a>\n\t\t<\/h3>\n\t\t\t\t<div class=\"elementor-post__meta-data\">\n\t\t\t\t\t<span class=\"elementor-post-author\">\n\t\t\tlbarrera\t\t<\/span>\n\t\t\t\t<span class=\"elementor-post-date\">\n\t\t\tnoviembre 30, 2021\t\t<\/span>\n\t\t\t\t<\/div>\n\t\t\t\t<div class=\"elementor-post__excerpt\">\n\t\t\t<p>El DME expone todas sus funciones a trav\u00e9s de una API RESTful, que le permite utilizar cualquier funci\u00f3n de gesti\u00f3n de la calidad de los<\/p>\n\t\t<\/div>\n\t\t\n\t\t<a class=\"elementor-post__read-more\" href=\"https:\/\/dataladder.com\/es\/datasheets\/preparacion-del-servidor-para-la-api-data-ladder\/\" aria-label=\"M\u00e1s informaci\u00f3n sobre Preparaci\u00f3n del servidor para la API Data Ladder\" target=\"_blank\">\n\t\t\t\t\t<\/a>\n\n\t\t\t\t<\/div>\n\t\t\t\t<\/article>\n\t\t\t\t<article class=\"elementor-post elementor-grid-item post-66145 datasheets type-datasheets status-publish has-post-thumbnail hentry category-data-quality-tools\">\n\t\t\t\t<a class=\"elementor-post__thumbnail__link\" href=\"https:\/\/dataladder.com\/es\/datasheets\/productmatch\/\" target=&quot;_blank&quot;>\n\t\t\t<div class=\"elementor-post__thumbnail\"><img width=\"229\" height=\"300\" src=\"https:\/\/dataladder.com\/wp-content\/uploads\/2021\/11\/book-2-229x300.png\" class=\"attachment-medium size-medium wp-image-60478\" alt=\"\" srcset=\"https:\/\/dataladder.com\/wp-content\/uploads\/2021\/11\/book-2-229x300.png 229w, https:\/\/dataladder.com\/wp-content\/uploads\/2021\/11\/book-2.png 680w\" sizes=\"(max-width: 229px) 100vw, 229px\" \/><\/div>\n\t\t<\/a>\n\t\t\t\t<div class=\"elementor-post__text\">\n\t\t\t\t<h3 class=\"elementor-post__title\">\n\t\t\t<a href=\"https:\/\/dataladder.com\/es\/datasheets\/productmatch\/\" target=&quot;_blank&quot;>\n\t\t\t\tProductMatch\t\t\t<\/a>\n\t\t<\/h3>\n\t\t\t\t<div class=\"elementor-post__meta-data\">\n\t\t\t\t\t<span class=\"elementor-post-author\">\n\t\t\tlbarrera\t\t<\/span>\n\t\t\t\t<span class=\"elementor-post-date\">\n\t\t\tnoviembre 30, 2021\t\t<\/span>\n\t\t\t\t<\/div>\n\t\t\t\t<div class=\"elementor-post__excerpt\">\n\t\t\t<p>ProductMatch le ayuda a reconocer y transformar datos de productos complejos y no estructurados tomados de fuentes dispares para determinar las relaciones jer\u00e1rquicas utilizando el<\/p>\n\t\t<\/div>\n\t\t\n\t\t<a class=\"elementor-post__read-more\" href=\"https:\/\/dataladder.com\/es\/datasheets\/productmatch\/\" aria-label=\"M\u00e1s informaci\u00f3n sobre ProductMatch\" target=\"_blank\">\n\t\t\t\t\t<\/a>\n\n\t\t\t\t<\/div>\n\t\t\t\t<\/article>\n\t\t\t\t<article class=\"elementor-post elementor-grid-item post-66134 datasheets type-datasheets status-publish has-post-thumbnail hentry category-data-quality-tools\">\n\t\t\t\t<a class=\"elementor-post__thumbnail__link\" href=\"https:\/\/dataladder.com\/es\/datasheets\/datamatch-enterprise\/\" target=&quot;_blank&quot;>\n\t\t\t<div class=\"elementor-post__thumbnail\"><img width=\"229\" height=\"300\" src=\"https:\/\/dataladder.com\/wp-content\/uploads\/2021\/11\/book-6-229x300.png\" class=\"attachment-medium size-medium wp-image-60504\" alt=\"\" srcset=\"https:\/\/dataladder.com\/wp-content\/uploads\/2021\/11\/book-6-229x300.png 229w, https:\/\/dataladder.com\/wp-content\/uploads\/2021\/11\/book-6.png 680w\" sizes=\"(max-width: 229px) 100vw, 229px\" \/><\/div>\n\t\t<\/a>\n\t\t\t\t<div class=\"elementor-post__text\">\n\t\t\t\t<h3 class=\"elementor-post__title\">\n\t\t\t<a href=\"https:\/\/dataladder.com\/es\/datasheets\/datamatch-enterprise\/\" target=&quot;_blank&quot;>\n\t\t\t\tDataMatch Enterprise\t\t\t<\/a>\n\t\t<\/h3>\n\t\t\t\t<div class=\"elementor-post__meta-data\">\n\t\t\t\t\t<span class=\"elementor-post-author\">\n\t\t\tlbarrera\t\t<\/span>\n\t\t\t\t<span class=\"elementor-post-date\">\n\t\t\tnoviembre 30, 2021\t\t<\/span>\n\t\t\t\t<\/div>\n\t\t\t\t<div class=\"elementor-post__excerpt\">\n\t\t\t<p>Con el ISD, puede integrar, vincular y preparar de forma inteligente los datos de pr\u00e1cticamente cualquier fuente. Descargue esta hoja de datos y conozca c\u00f3mo<\/p>\n\t\t<\/div>\n\t\t\n\t\t<a class=\"elementor-post__read-more\" href=\"https:\/\/dataladder.com\/es\/datasheets\/datamatch-enterprise\/\" aria-label=\"M\u00e1s informaci\u00f3n sobre DataMatch Enterprise\" target=\"_blank\">\n\t\t\t\t\t<\/a>\n\n\t\t\t\t<\/div>\n\t\t\t\t<\/article>\n\t\t\t\t<article class=\"elementor-post elementor-grid-item post-66140 datasheets type-datasheets status-publish has-post-thumbnail hentry category-api-es category-api category-herramientas-de-calidad-de-datos\">\n\t\t\t\t<a class=\"elementor-post__thumbnail__link\" href=\"https:\/\/dataladder.com\/es\/datasheets\/datamatch-enterprise-server-api\/\" target=&quot;_blank&quot;>\n\t\t\t<div class=\"elementor-post__thumbnail\"><img width=\"229\" height=\"300\" src=\"https:\/\/dataladder.com\/wp-content\/uploads\/2021\/11\/book-5-229x300.png\" class=\"attachment-medium size-medium wp-image-60499\" alt=\"\" srcset=\"https:\/\/dataladder.com\/wp-content\/uploads\/2021\/11\/book-5-229x300.png 229w, https:\/\/dataladder.com\/wp-content\/uploads\/2021\/11\/book-5.png 680w\" sizes=\"(max-width: 229px) 100vw, 229px\" \/><\/div>\n\t\t<\/a>\n\t\t\t\t<div class=\"elementor-post__text\">\n\t\t\t\t<h3 class=\"elementor-post__title\">\n\t\t\t<a href=\"https:\/\/dataladder.com\/es\/datasheets\/datamatch-enterprise-server-api\/\" target=&quot;_blank&quot;>\n\t\t\t\tDataMatch Enterprise Server + API\t\t\t<\/a>\n\t\t<\/h3>\n\t\t\t\t<div class=\"elementor-post__meta-data\">\n\t\t\t\t\t<span class=\"elementor-post-author\">\n\t\t\tlbarrera\t\t<\/span>\n\t\t\t\t<span class=\"elementor-post-date\">\n\t\t\tnoviembre 29, 2021\t\t<\/span>\n\t\t\t\t<\/div>\n\t\t\t\t<div class=\"elementor-post__excerpt\">\n\t\t\t<p>El DME expone todas sus funciones a trav\u00e9s de una API RESTful, que le permite utilizar cualquier funci\u00f3n de gesti\u00f3n de la calidad de los<\/p>\n\t\t<\/div>\n\t\t\n\t\t<a class=\"elementor-post__read-more\" href=\"https:\/\/dataladder.com\/es\/datasheets\/datamatch-enterprise-server-api\/\" aria-label=\"M\u00e1s informaci\u00f3n sobre DataMatch Enterprise Server + API\" target=\"_blank\">\n\t\t\t\t\t<\/a>\n\n\t\t\t\t<\/div>\n\t\t\t\t<\/article>\n\t\t\t\t<article class=\"elementor-post elementor-grid-item post-66130 datasheets type-datasheets status-publish has-post-thumbnail hentry category-data-quality-tools\">\n\t\t\t\t<a class=\"elementor-post__thumbnail__link\" href=\"https:\/\/dataladder.com\/es\/datasheets\/datamatch-enterprise-requisitos-del-sistema\/\" target=&quot;_blank&quot;>\n\t\t\t<div class=\"elementor-post__thumbnail\"><img width=\"229\" height=\"300\" src=\"https:\/\/dataladder.com\/wp-content\/uploads\/2021\/11\/book-1-229x300.png\" class=\"attachment-medium size-medium wp-image-60450\" alt=\"\" srcset=\"https:\/\/dataladder.com\/wp-content\/uploads\/2021\/11\/book-1-229x300.png 229w, https:\/\/dataladder.com\/wp-content\/uploads\/2021\/11\/book-1.png 680w\" sizes=\"(max-width: 229px) 100vw, 229px\" \/><\/div>\n\t\t<\/a>\n\t\t\t\t<div class=\"elementor-post__text\">\n\t\t\t\t<h3 class=\"elementor-post__title\">\n\t\t\t<a href=\"https:\/\/dataladder.com\/es\/datasheets\/datamatch-enterprise-requisitos-del-sistema\/\" target=&quot;_blank&quot;>\n\t\t\t\tDataMatch Enterprise &#8211; Requisitos del sistema\t\t\t<\/a>\n\t\t<\/h3>\n\t\t\t\t<div class=\"elementor-post__meta-data\">\n\t\t\t\t\t<span class=\"elementor-post-author\">\n\t\t\tlbarrera\t\t<\/span>\n\t\t\t\t<span class=\"elementor-post-date\">\n\t\t\tnoviembre 22, 2021\t\t<\/span>\n\t\t\t\t<\/div>\n\t\t\t\t<div class=\"elementor-post__excerpt\">\n\t\t\t<p>DataMatch Enterprise\u2122 ha sido dise\u00f1ado para su uso en sistemas de PC basados en Windows. Para obtener los mejores resultados, hay que adecuar los herrajes<\/p>\n\t\t<\/div>\n\t\t\n\t\t<a class=\"elementor-post__read-more\" href=\"https:\/\/dataladder.com\/es\/datasheets\/datamatch-enterprise-requisitos-del-sistema\/\" aria-label=\"M\u00e1s informaci\u00f3n sobre DataMatch Enterprise &#8211; Requisitos del sistema\" target=\"_blank\">\n\t\t\t\t\t<\/a>\n\n\t\t\t\t<\/div>\n\t\t\t\t<\/article>\n\t\t\t\t<article class=\"elementor-post elementor-grid-item post-66138 datasheets type-datasheets status-publish has-post-thumbnail hentry category-data-quality-tools\">\n\t\t\t\t<a class=\"elementor-post__thumbnail__link\" href=\"https:\/\/dataladder.com\/es\/datasheets\/datamatch-enterprise-verificacion-de-direcciones\/\" target=&quot;_blank&quot;>\n\t\t\t<div class=\"elementor-post__thumbnail\"><img width=\"229\" height=\"300\" src=\"https:\/\/dataladder.com\/wp-content\/uploads\/2021\/10\/book-4-229x300.png\" class=\"attachment-medium size-medium wp-image-60494\" alt=\"\" srcset=\"https:\/\/dataladder.com\/wp-content\/uploads\/2021\/10\/book-4-229x300.png 229w, https:\/\/dataladder.com\/wp-content\/uploads\/2021\/10\/book-4.png 680w\" sizes=\"(max-width: 229px) 100vw, 229px\" \/><\/div>\n\t\t<\/a>\n\t\t\t\t<div class=\"elementor-post__text\">\n\t\t\t\t<h3 class=\"elementor-post__title\">\n\t\t\t<a href=\"https:\/\/dataladder.com\/es\/datasheets\/datamatch-enterprise-verificacion-de-direcciones\/\" target=&quot;_blank&quot;>\n\t\t\t\tDataMatch Enterprise + Verificaci\u00f3n de direcciones\t\t\t<\/a>\n\t\t<\/h3>\n\t\t\t\t<div class=\"elementor-post__meta-data\">\n\t\t\t\t\t<span class=\"elementor-post-author\">\n\t\t\tlbarrera\t\t<\/span>\n\t\t\t\t<span class=\"elementor-post-date\">\n\t\t\toctubre 15, 2021\t\t<\/span>\n\t\t\t\t<\/div>\n\t\t\t\t<div class=\"elementor-post__excerpt\">\n\t\t\t<p>Al permitir la b\u00fasqueda difusa e inteligente en tiempo real de sus bases de datos de forma r\u00e1pida y sencilla, DataMatch Enterprise + Address Verification<\/p>\n\t\t<\/div>\n\t\t\n\t\t<a class=\"elementor-post__read-more\" href=\"https:\/\/dataladder.com\/es\/datasheets\/datamatch-enterprise-verificacion-de-direcciones\/\" aria-label=\"M\u00e1s informaci\u00f3n sobre DataMatch Enterprise + Verificaci\u00f3n de direcciones\" target=\"_blank\">\n\t\t\t\t\t<\/a>\n\n\t\t\t\t<\/div>\n\t\t\t\t<\/article>\n\t\t\t\t<\/div>\n\t\t\n\t\t\t\t<\/div>\n\t\t\t\t<\/div>\n\t\t\t\t\t<\/div>\n\t\t<\/div>\n\t\t\t\t\t\t\t<\/div>\n\t\t<\/section>\n\t\t\t\t\t\t\t<\/div>\n\t\t","protected":false},"excerpt":{"rendered":"<p>Recursos Hojas de datos<\/p>\n","protected":false},"author":9,"featured_media":3221,"parent":61630,"menu_order":0,"comment_status":"closed","ping_status":"closed","template":"","meta":{"_lmt_disableupdate":"","_lmt_disable":"","_links_to":"","_links_to_target":""},"tags":[],"acf":[],"yoast_head":"<!-- This site is optimized with the Yoast SEO plugin v19.9 - https:\/\/yoast.com\/wordpress\/plugins\/seo\/ -->\n<title>Hojas de datos - Data Ladder<\/title>\n<meta name=\"robots\" content=\"index, follow, max-snippet:-1, max-image-preview:large, max-video-preview:-1\" \/>\n<link rel=\"canonical\" href=\"https:\/\/dataladder.com\/es\/centro-de-calidad-de-datos-recursos-de-escalera-de-datos\/hojas-de-datos\/\" \/>\n<meta property=\"og:locale\" content=\"es_ES\" \/>\n<meta property=\"og:type\" content=\"article\" \/>\n<meta property=\"og:title\" content=\"Hojas de datos - Data Ladder\" \/>\n<meta property=\"og:description\" content=\"Recursos Hojas de datos\" \/>\n<meta property=\"og:url\" content=\"https:\/\/dataladder.com\/es\/centro-de-calidad-de-datos-recursos-de-escalera-de-datos\/hojas-de-datos\/\" \/>\n<meta property=\"og:site_name\" content=\"Data Ladder\" \/>\n<meta property=\"article:publisher\" content=\"https:\/\/web.facebook.com\/DataLadderSoftware\" \/>\n<meta property=\"article:modified_time\" content=\"2022-05-31T11:48:12+00:00\" \/>\n<meta property=\"og:image\" content=\"https:\/\/dataladder.com\/wp-content\/uploads\/2021\/08\/Group-42313.png\" \/>\n\t<meta property=\"og:image:width\" content=\"1440\" \/>\n\t<meta property=\"og:image:height\" content=\"538\" \/>\n\t<meta property=\"og:image:type\" content=\"image\/png\" \/>\n<meta name=\"twitter:card\" content=\"summary_large_image\" \/>\n<script type=\"application\/ld+json\" class=\"yoast-schema-graph\">{\"@context\":\"https:\/\/schema.org\",\"@graph\":[{\"@type\":\"WebPage\",\"@id\":\"https:\/\/dataladder.com\/es\/centro-de-calidad-de-datos-recursos-de-escalera-de-datos\/hojas-de-datos\/\",\"url\":\"https:\/\/dataladder.com\/es\/centro-de-calidad-de-datos-recursos-de-escalera-de-datos\/hojas-de-datos\/\",\"name\":\"Hojas de datos - Data Ladder\",\"isPartOf\":{\"@id\":\"https:\/\/dataladder.com\/es\/#website\"},\"datePublished\":\"2021-10-22T10:58:16+00:00\",\"dateModified\":\"2022-05-31T11:48:12+00:00\",\"breadcrumb\":{\"@id\":\"https:\/\/dataladder.com\/es\/centro-de-calidad-de-datos-recursos-de-escalera-de-datos\/hojas-de-datos\/#breadcrumb\"},\"inLanguage\":\"es\",\"potentialAction\":[{\"@type\":\"ReadAction\",\"target\":[\"https:\/\/dataladder.com\/es\/centro-de-calidad-de-datos-recursos-de-escalera-de-datos\/hojas-de-datos\/\"]}]},{\"@type\":\"BreadcrumbList\",\"@id\":\"https:\/\/dataladder.com\/es\/centro-de-calidad-de-datos-recursos-de-escalera-de-datos\/hojas-de-datos\/#breadcrumb\",\"itemListElement\":[{\"@type\":\"ListItem\",\"position\":1,\"name\":\"Home\",\"item\":\"https:\/\/dataladder.com\/es\/\"},{\"@type\":\"ListItem\",\"position\":2,\"name\":\"Centro de calidad de datos | Recursos de escalera de datos\",\"item\":\"https:\/\/dataladder.com\/es\/centro-de-calidad-de-datos-recursos-de-escalera-de-datos\/\"},{\"@type\":\"ListItem\",\"position\":3,\"name\":\"Hojas de datos\"}]},{\"@type\":\"WebSite\",\"@id\":\"https:\/\/dataladder.com\/es\/#website\",\"url\":\"https:\/\/dataladder.com\/es\/\",\"name\":\"Data Ladder\",\"description\":\"Enterprise Data Profiling, Cleansing, and Matching\",\"publisher\":{\"@id\":\"https:\/\/dataladder.com\/es\/#organization\"},\"potentialAction\":[{\"@type\":\"SearchAction\",\"target\":{\"@type\":\"EntryPoint\",\"urlTemplate\":\"https:\/\/dataladder.com\/es\/?s={search_term_string}\"},\"query-input\":\"required name=search_term_string\"}],\"inLanguage\":\"es\"},{\"@type\":\"Organization\",\"@id\":\"https:\/\/dataladder.com\/es\/#organization\",\"name\":\"Data Ladder\",\"url\":\"https:\/\/dataladder.com\/es\/\",\"logo\":{\"@type\":\"ImageObject\",\"inLanguage\":\"es\",\"@id\":\"https:\/\/dataladder.com\/es\/#\/schema\/logo\/image\/\",\"url\":\"https:\/\/dataladder.com\/wp-content\/uploads\/2018\/06\/DL-Logo-Ball-30.png\",\"contentUrl\":\"https:\/\/dataladder.com\/wp-content\/uploads\/2018\/06\/DL-Logo-Ball-30.png\",\"width\":413,\"height\":408,\"caption\":\"Data Ladder\"},\"image\":{\"@id\":\"https:\/\/dataladder.com\/es\/#\/schema\/logo\/image\/\"},\"sameAs\":[\"https:\/\/www.linkedin.com\/company\/dataladder-llc\/\",\"https:\/\/web.facebook.com\/DataLadderSoftware\"]}]}<\/script>\n<!-- \/ Yoast SEO plugin. -->","yoast_head_json":{"title":"Hojas de datos - Data Ladder","robots":{"index":"index","follow":"follow","max-snippet":"max-snippet:-1","max-image-preview":"max-image-preview:large","max-video-preview":"max-video-preview:-1"},"canonical":"https:\/\/dataladder.com\/es\/centro-de-calidad-de-datos-recursos-de-escalera-de-datos\/hojas-de-datos\/","og_locale":"es_ES","og_type":"article","og_title":"Hojas de datos - Data Ladder","og_description":"Recursos Hojas de datos","og_url":"https:\/\/dataladder.com\/es\/centro-de-calidad-de-datos-recursos-de-escalera-de-datos\/hojas-de-datos\/","og_site_name":"Data Ladder","article_publisher":"https:\/\/web.facebook.com\/DataLadderSoftware","article_modified_time":"2022-05-31T11:48:12+00:00","og_image":[{"width":1440,"height":538,"url":"https:\/\/dataladder.com\/wp-content\/uploads\/2021\/08\/Group-42313.png","type":"image\/png"}],"twitter_card":"summary_large_image","schema":{"@context":"https:\/\/schema.org","@graph":[{"@type":"WebPage","@id":"https:\/\/dataladder.com\/es\/centro-de-calidad-de-datos-recursos-de-escalera-de-datos\/hojas-de-datos\/","url":"https:\/\/dataladder.com\/es\/centro-de-calidad-de-datos-recursos-de-escalera-de-datos\/hojas-de-datos\/","name":"Hojas de datos - Data Ladder","isPartOf":{"@id":"https:\/\/dataladder.com\/es\/#website"},"datePublished":"2021-10-22T10:58:16+00:00","dateModified":"2022-05-31T11:48:12+00:00","breadcrumb":{"@id":"https:\/\/dataladder.com\/es\/centro-de-calidad-de-datos-recursos-de-escalera-de-datos\/hojas-de-datos\/#breadcrumb"},"inLanguage":"es","potentialAction":[{"@type":"ReadAction","target":["https:\/\/dataladder.com\/es\/centro-de-calidad-de-datos-recursos-de-escalera-de-datos\/hojas-de-datos\/"]}]},{"@type":"BreadcrumbList","@id":"https:\/\/dataladder.com\/es\/centro-de-calidad-de-datos-recursos-de-escalera-de-datos\/hojas-de-datos\/#breadcrumb","itemListElement":[{"@type":"ListItem","position":1,"name":"Home","item":"https:\/\/dataladder.com\/es\/"},{"@type":"ListItem","position":2,"name":"Centro de calidad de datos | Recursos de escalera de datos","item":"https:\/\/dataladder.com\/es\/centro-de-calidad-de-datos-recursos-de-escalera-de-datos\/"},{"@type":"ListItem","position":3,"name":"Hojas de datos"}]},{"@type":"WebSite","@id":"https:\/\/dataladder.com\/es\/#website","url":"https:\/\/dataladder.com\/es\/","name":"Data Ladder","description":"Enterprise Data Profiling, Cleansing, and Matching","publisher":{"@id":"https:\/\/dataladder.com\/es\/#organization"},"potentialAction":[{"@type":"SearchAction","target":{"@type":"EntryPoint","urlTemplate":"https:\/\/dataladder.com\/es\/?s={search_term_string}"},"query-input":"required name=search_term_string"}],"inLanguage":"es"},{"@type":"Organization","@id":"https:\/\/dataladder.com\/es\/#organization","name":"Data Ladder","url":"https:\/\/dataladder.com\/es\/","logo":{"@type":"ImageObject","inLanguage":"es","@id":"https:\/\/dataladder.com\/es\/#\/schema\/logo\/image\/","url":"https:\/\/dataladder.com\/wp-content\/uploads\/2018\/06\/DL-Logo-Ball-30.png","contentUrl":"https:\/\/dataladder.com\/wp-content\/uploads\/2018\/06\/DL-Logo-Ball-30.png","width":413,"height":408,"caption":"Data Ladder"},"image":{"@id":"https:\/\/dataladder.com\/es\/#\/schema\/logo\/image\/"},"sameAs":["https:\/\/www.linkedin.com\/company\/dataladder-llc\/","https:\/\/web.facebook.com\/DataLadderSoftware"]}]}},"_links":{"self":[{"href":"https:\/\/dataladder.com\/es\/wp-json\/wp\/v2\/pages\/61662"}],"collection":[{"href":"https:\/\/dataladder.com\/es\/wp-json\/wp\/v2\/pages"}],"about":[{"href":"https:\/\/dataladder.com\/es\/wp-json\/wp\/v2\/types\/page"}],"author":[{"embeddable":true,"href":"https:\/\/dataladder.com\/es\/wp-json\/wp\/v2\/users\/9"}],"replies":[{"embeddable":true,"href":"https:\/\/dataladder.com\/es\/wp-json\/wp\/v2\/comments?post=61662"}],"version-history":[{"count":2,"href":"https:\/\/dataladder.com\/es\/wp-json\/wp\/v2\/pages\/61662\/revisions"}],"predecessor-version":[{"id":67541,"href":"https:\/\/dataladder.com\/es\/wp-json\/wp\/v2\/pages\/61662\/revisions\/67541"}],"up":[{"embeddable":true,"href":"https:\/\/dataladder.com\/es\/wp-json\/wp\/v2\/pages\/61630"}],"wp:featuredmedia":[{"embeddable":true,"href":"https:\/\/dataladder.com\/es\/wp-json\/wp\/v2\/media\/3221"}],"wp:attachment":[{"href":"https:\/\/dataladder.com\/es\/wp-json\/wp\/v2\/media?parent=61662"}],"wp:term":[{"taxonomy":"post_tag","embeddable":true,"href":"https:\/\/dataladder.com\/es\/wp-json\/wp\/v2\/tags?post=61662"}],"curies":[{"name":"wp","href":"https:\/\/api.w.org\/{rel}","templated":true}]}}